{"id":95,"date":"2020-08-20T13:13:50","date_gmt":"2020-08-20T13:13:50","guid":{"rendered":"http:\/\/araratasesoresinmobiliarios.com\/index.php\/projects\/"},"modified":"2024-01-15T20:26:49","modified_gmt":"2024-01-15T20:26:49","slug":"projects","status":"publish","type":"page","link":"https:\/\/araratasesoresinmobiliarios.com\/index.php\/projects\/","title":{"rendered":"Topograf\u00eda"},"content":{"rendered":"\n<div class=\"wp-block-uagb-container uagb-block-42405dbf alignfull uagb-is-root-container\"><div class=\"uagb-container-inner-blocks-wrap\">\n<div class=\"wp-block-uagb-info-box uagb-block-152b6719 uagb-infobox__content-wrap  uagb-infobox-icon-above-title uagb-infobox-image-valign-top\"><div class=\"uagb-ifb-content\"><div class=\"uagb-ifb-title-wrap\"><span class=\"uagb-ifb-title-prefix\">Cobertura Nacional<\/span><h1 class=\"uagb-ifb-title\">Topograf\u00eda<\/h1><\/div><\/div><\/div>\n<\/div><\/div>\n\n\n\n<div class=\"wp-block-uagb-container uagb-block-d83632d9 alignfull uagb-is-root-container\"><div class=\"uagb-container-inner-blocks-wrap\">\n<div class=\"wp-block-uagb-container uagb-block-4901b514\">\n<div class=\"wp-block-uagb-info-box uagb-block-68ade9c5 uagb-infobox__content-wrap  uagb-infobox-icon-above-title uagb-infobox-image-valign-top\"><div class=\"uagb-ifb-content\"><div class=\"uagb-ifb-title-wrap\"><h2 class=\"uagb-ifb-title\">Te ayudamos con tus proyectos<\/h2><\/div><div class=\"uagb-ifb-separator\"><\/div><\/div><\/div>\n<\/div>\n\n\n\n<div class=\"wp-block-uagb-container uagb-block-51faa198\">\n<div class=\"wp-block-uagb-advanced-heading uagb-block-f6f387d4\"><p class=\"uagb-desc-text\">Englobes<br>Subdivisiones<br>Control de Linderos<br>Control de Obra<br>Levantamientos Topogr\u00e1ficos: Planim\u00e9tricos y Altim\u00e9tricos<br>Levantamientos Topogr\u00e1ficos con Drone<br>Puntos de Control con equipos GNSS<br>Replanteo de Coordenadas<br>Aclaraci\u00f3n de Cabida y Linderos (todo el tramite)<br><\/p><\/div>\n\n\n\n<div class=\"wp-block-uagb-advanced-heading uagb-block-61e6536b\"><h2 class=\"uagb-heading-text\">Tomamos im\u00e1genes con Drone<\/h2><\/div>\n<\/div>\n<\/div><\/div>\n\n\n\n<div class=\"wp-block-uagb-container uagb-block-38970f73 alignfull uagb-is-root-container\">\n<div class=\"wp-block-uagb-image uagb-block-17f50081 wp-block-uagb-image--layout-default wp-block-uagb-image--effect-static wp-block-uagb-image--align-none\"><figure class=\"wp-block-uagb-image__figure\"><img decoding=\"async\" srcset=\"https:\/\/araratasesoresinmobiliarios.com\/wp-content\/uploads\/2024\/01\/Estacion-total-237x300.png , http:\/\/araratasesoresinmobiliarios.com\/wp-content\/uploads\/2020\/08\/projects-09.jpg 360w\" src=\"https:\/\/araratasesoresinmobiliarios.com\/wp-content\/uploads\/2024\/01\/Estacion-total-237x300.png\" alt=\"\" class=\"uag-image-699\" width=\"237\" height=\"300\" title=\"\" loading=\"lazy\"\/><\/figure><\/div>\n\n\n\n<div class=\"wp-block-uagb-image uagb-block-9e7fccd5 wp-block-uagb-image--layout-default wp-block-uagb-image--effect-static wp-block-uagb-image--align-none\"><figure class=\"wp-block-uagb-image__figure\"><img decoding=\"async\" srcset=\"https:\/\/araratasesoresinmobiliarios.com\/wp-content\/uploads\/2024\/01\/WhatsApp-Image-2024-01-10-at-5.37.36-PM-225x300.jpeg , http:\/\/araratasesoresinmobiliarios.com\/wp-content\/uploads\/2020\/08\/projects-06.jpg 360w\" src=\"https:\/\/araratasesoresinmobiliarios.com\/wp-content\/uploads\/2024\/01\/WhatsApp-Image-2024-01-10-at-5.37.36-PM-225x300.jpeg\" alt=\"\" class=\"uag-image-700\" width=\"225\" height=\"300\" title=\"\" loading=\"lazy\"\/><\/figure><\/div>\n\n\n\n<div class=\"wp-block-uagb-image uagb-block-bba1ff87 wp-block-uagb-image--layout-default wp-block-uagb-image--effect-static wp-block-uagb-image--align-none\"><figure class=\"wp-block-uagb-image__figure\"><img decoding=\"async\" srcset=\"https:\/\/araratasesoresinmobiliarios.com\/wp-content\/uploads\/2024\/01\/DJI_0442-2-300x225.jpg , http:\/\/araratasesoresinmobiliarios.com\/wp-content\/uploads\/2020\/08\/projects-07.jpg 360w\" src=\"https:\/\/araratasesoresinmobiliarios.com\/wp-content\/uploads\/2024\/01\/DJI_0442-2-300x225.jpg\" alt=\"\" class=\"uag-image-745\" width=\"300\" height=\"225\" title=\"\" loading=\"lazy\"\/><\/figure><\/div>\n<\/div>\n\n\n\n<div class=\"wp-block-uagb-container uagb-block-b958a99d alignfull uagb-is-root-container\"><div class=\"uagb-container-inner-blocks-wrap\">\n<div class=\"wp-block-uagb-info-box uagb-block-6a73e5cc uagb-infobox__content-wrap  uagb-infobox-icon-above-title uagb-infobox-image-valign-top\"><div class=\"uagb-ifb-content\"><div class=\"uagb-ifb-image-content\"><img decoding=\"async\" src=\"http:\/\/araratasesoresinmobiliarios.com\/wp-content\/uploads\/2023\/03\/cropped-cropped-Logotipo.png\" alt=\"\" width=\"151\" height=\"151\" loading=\"lazy\"\/><\/div><div class=\"uagb-ifb-title-wrap\"><span class=\"uagb-ifb-title-prefix\">Cont\u00e1ctanos<\/span><h2 class=\"uagb-ifb-title\">Tel 312 7727308\u200b<\/h2><\/div><div class=\"uagb-ifb-separator\"><\/div><div class=\"uagb-ifb-button-wrapper wp-block-button\"><a href=\"#\" class=\"uagb-infobox-cta-link wp-block-button__link\" target=\"_self\" rel=\"noopener noreferrer\" onclick=\"return false;\" alt=\"\"><span class=\"uagb-inline-editing\">Escr\u00edbenos<\/span><svg xmlns=\"https:\/\/www.w3.org\/2000\/svg\" viewBox=\"0 0 512 512\"><path d=\"M502.6 278.6l-128 128c-12.51 12.51-32.76 12.49-45.25 0c-12.5-12.5-12.5-32.75 0-45.25L402.8 288H32C14.31 288 0 273.7 0 255.1S14.31 224 32 224h370.8l-73.38-73.38c-12.5-12.5-12.5-32.75 0-45.25s32.75-12.5 45.25 0l128 128C515.1 245.9 515.1 266.1 502.6 278.6z\"><\/path><\/svg><\/a><\/div><\/div><\/div>\n<\/div><\/div>\n   ","protected":false},"excerpt":{"rendered":"","protected":false},"author":1,"featured_media":0,"parent":0,"menu_order":0,"comment_status":"closed","ping_status":"closed","template":"","meta":{"site-sidebar-layout":"default","site-content-layout":"plain-container","ast-global-header-display":"","ast-main-header-display":"","ast-hfb-above-header-display":"","ast-hfb-below-header-display":"","ast-hfb-mobile-header-display":"","site-post-title":"disabled","ast-breadcrumbs-content":"","ast-featured-img":"","footer-sml-layout":"","theme-transparent-header-meta":"enabled","adv-header-id-meta":"","stick-header-meta":"","header-above-stick-meta":"","header-main-stick-meta":"","header-below-stick-meta":"","footnotes":""},"class_list":["post-95","page","type-page","status-publish","hentry"],"_links":{"self":[{"href":"https:\/\/araratasesoresinmobiliarios.com\/index.php\/wp-json\/wp\/v2\/pages\/95","targetHints":{"allow":["GET"]}}],"collection":[{"href":"https:\/\/araratasesoresinmobiliarios.com\/index.php\/wp-json\/wp\/v2\/pages"}],"about":[{"href":"https:\/\/araratasesoresinmobiliarios.com\/index.php\/wp-json\/wp\/v2\/types\/page"}],"author":[{"embeddable":true,"href":"https:\/\/araratasesoresinmobiliarios.com\/index.php\/wp-json\/wp\/v2\/users\/1"}],"replies":[{"embeddable":true,"href":"https:\/\/araratasesoresinmobiliarios.com\/index.php\/wp-json\/wp\/v2\/comments?post=95"}],"version-history":[{"count":14,"href":"https:\/\/araratasesoresinmobiliarios.com\/index.php\/wp-json\/wp\/v2\/pages\/95\/revisions"}],"predecessor-version":[{"id":822,"href":"https:\/\/araratasesoresinmobiliarios.com\/index.php\/wp-json\/wp\/v2\/pages\/95\/revisions\/822"}],"wp:attachment":[{"href":"https:\/\/araratasesoresinmobiliarios.com\/index.php\/wp-json\/wp\/v2\/media?parent=95"}],"curies":[{"name":"wp","href":"https:\/\/api.w.org\/{rel}","templated":true}]}}