{"id":92,"date":"2020-08-20T13:12:58","date_gmt":"2020-08-20T13:12:58","guid":{"rendered":"http:\/\/araratasesoresinmobiliarios.com\/index.php\/home\/"},"modified":"2024-01-15T19:52:46","modified_gmt":"2024-01-15T19:52:46","slug":"home","status":"publish","type":"page","link":"https:\/\/araratasesoresinmobiliarios.com\/","title":{"rendered":"Inicio"},"content":{"rendered":"\n<div class=\"wp-block-uagb-container uagb-block-68e7f2dc alignfull uagb-is-root-container\"><div class=\"uagb-container-inner-blocks-wrap\">\n<div class=\"wp-block-uagb-info-box uagb-block-e53b7e50 uagb-infobox__content-wrap  uagb-infobox-icon-above-title uagb-infobox-image-valign-top\"><div class=\"uagb-ifb-content\"><div class=\"uagb-ifb-title-wrap\"><span class=\"uagb-ifb-title-prefix\">Este es el momento para realizar el\u200b<\/span><h1 class=\"uagb-ifb-title\">Aval\u00fao de Todos tus Bienes.<\/h1><\/div><p class=\"uagb-ifb-desc\"><strong>Cobertura a nivel nacional<\/strong><\/p><\/div><\/div>\n\n\n\n<div class=\"wp-block-uagb-advanced-heading uagb-block-be1279bd\"><h3 class=\"uagb-heading-text\"><img loading=\"lazy\" decoding=\"async\" width=\"50\" height=\"50\" class=\"wp-image-673\" style=\"width: 50px;\" src=\"http:\/\/araratasesoresinmobiliarios.com\/wp-content\/uploads\/2023\/03\/Logo_Watsaap.png\" alt=\"\" srcset=\"https:\/\/araratasesoresinmobiliarios.com\/wp-content\/uploads\/2023\/03\/Logo_Watsaap.png 353w, https:\/\/araratasesoresinmobiliarios.com\/wp-content\/uploads\/2023\/03\/Logo_Watsaap-300x298.png 300w, https:\/\/araratasesoresinmobiliarios.com\/wp-content\/uploads\/2023\/03\/Logo_Watsaap-150x150.png 150w\" sizes=\"auto, (max-width: 50px) 100vw, 50px\" \/> Tel: 312 7727308<\/h3><\/div>\n<\/div><\/div>\n\n\n\n<div class=\"wp-block-uagb-container uagb-block-0e557e27 alignfull uagb-is-root-container\"><div class=\"uagb-container-inner-blocks-wrap\">\n<div class=\"wp-block-uagb-container uagb-block-23f7f12b\">\n<div class=\"wp-block-uagb-container uagb-block-f40f97c5\">\n<div class=\"wp-block-uagb-info-box uagb-block-2d0031b5 uagb-infobox__content-wrap  uagb-infobox-icon-above-title uagb-infobox-image-valign-top\"><div class=\"uagb-ifb-content\"><div class=\"uagb-ifb-title-wrap\"><span class=\"uagb-ifb-title-prefix\">Servicios\u200b<\/span><h2 class=\"uagb-ifb-title\">Tenemos un Gran Portafolio<\/h2><\/div><div class=\"uagb-ifb-separator\"><\/div><\/div><\/div>\n<\/div>\n\n\n\n<div class=\"wp-block-uagb-container uagb-block-39500d5e\"><\/div>\n<\/div>\n\n\n\n<div class=\"wp-block-uagb-container uagb-block-45f293e3\">\n<div class=\"wp-block-uagb-container uagb-block-fd209941\">\n<blockquote class=\"wp-block-quote is-layout-flow wp-block-quote-is-layout-flow\">\n<div class=\"wp-block-uagb-advanced-heading uagb-block-4e36dde5\"><h2 class=\"uagb-heading-text\"><strong>Aval\u00faos<\/strong><\/h2><\/div>\n\n\n\n<p>&#8211; Bienes Inmuebles<br>&#8211; Bienes Muebles<br>&#8211; Especiales<br>&#8211; Intangibles<br>&#8211; Maquinaria y equipo<\/p>\n<\/blockquote>\n<\/div>\n\n\n\n<div class=\"wp-block-uagb-container uagb-block-e3db9dce\">\n<div class=\"wp-block-uagb-advanced-heading uagb-block-d6bd7d1e\"><h2 class=\"uagb-heading-text\">Topograf\u00eda<\/h2><\/div>\n\n\n\n<p>&#8211; Levantamientos planim\u00e9tricos<br>&#8211; Replanteo<br>&#8211; Cabida y linderos<\/p>\n<\/div>\n\n\n\n<div class=\"wp-block-uagb-advanced-heading uagb-block-9d6a27f1\"><h2 class=\"uagb-heading-text\">Otros Servicios<\/h2><\/div>\n\n\n\n<ul class=\"wp-block-list\">\n<li>Im\u00e1genes a\u00e9reas con Drone<\/li>\n\n\n\n<li>Estudios de mercado<\/li>\n<\/ul>\n<\/div>\n<\/div><\/div>\n\n\n\n<div class=\"wp-block-uagb-container uagb-block-1e018bf4 alignfull uagb-is-root-container\"><div class=\"uagb-container-inner-blocks-wrap\">\n<div class=\"wp-block-uagb-container uagb-block-381dadd7\">\n<div class=\"wp-block-uagb-image uagb-block-00d6769e wp-block-uagb-image--layout-default wp-block-uagb-image--effect-static wp-block-uagb-image--align-none\"><figure class=\"wp-block-uagb-image__figure\"><img decoding=\"async\" srcset=\"http:\/\/araratasesoresinmobiliarios.com\/wp-content\/uploads\/2024\/01\/ararat-2-724x1024.jpg \" src=\"http:\/\/araratasesoresinmobiliarios.com\/wp-content\/uploads\/2024\/01\/ararat-2-724x1024.jpg\" alt=\"\" class=\"uag-image-765\" width=\"724\" height=\"1024\" title=\"\" loading=\"lazy\"\/><\/figure><\/div>\n<\/div>\n\n\n\n<div class=\"wp-block-uagb-container uagb-block-e79d2a4b\">\n<h2 class=\"wp-block-heading\">\u00bfQui\u00e9nes Somos?<\/h2>\n\n\n\n<div class=\"wp-block-uagb-advanced-heading uagb-block-1ac9718a\"><h2 class=\"uagb-heading-text\">Con m\u00e1s de 5 a\u00f1os de experiencia en Colombia<\/h2><\/div>\n\n\n\n<p>Somos una Compa\u00f1\u00eda que Realiza aval\u00faos y levantamiento topogr\u00e1ficos contando con personal id\u00f3neo y especialista que nos permite cumplir con las expectativas de calidad que nos forjamos como metas y objetivos<\/p>\n<\/div>\n<\/div><\/div>\n\n\n\n<div class=\"wp-block-uagb-container uagb-block-6972e649 alignfull uagb-is-root-container\"><div class=\"uagb-container-inner-blocks-wrap\">\n<div class=\"wp-block-uagb-info-box uagb-block-bb367535 uagb-infobox__content-wrap  uagb-infobox-icon-above-title uagb-infobox-image-valign-top\"><div class=\"uagb-ifb-content\"><div class=\"uagb-ifb-title-wrap\"><span class=\"uagb-ifb-title-prefix\">Contamos con<\/span><h2 class=\"uagb-ifb-title\">Cobertura a nivel nacional<\/h2><\/div><div class=\"uagb-ifb-separator\"><\/div><\/div><\/div>\n\n\n\n<div class=\"wp-block-uagb-container uagb-block-5f783a38\">\n<div class=\"wp-block-uagb-info-box uagb-block-a8f3ceed uagb-infobox__content-wrap  uagb-infobox-icon-above-title uagb-infobox-image-valign-top\"><div class=\"uagb-ifb-content\"><div class=\"uagb-ifb-icon-wrap\"><div class=\"uagb-iconbox-icon-wrap uagb-infobox-shape-circle\"><svg xmlns=\"https:\/\/www.w3.org\/2000\/svg\" viewBox=\"0 0 384 512\"><path d=\"M361 215C375.3 223.8 384 239.3 384 256C384 272.7 375.3 288.2 361 296.1L73.03 472.1C58.21 482 39.66 482.4 24.52 473.9C9.377 465.4 0 449.4 0 432V80C0 62.64 9.377 46.63 24.52 38.13C39.66 29.64 58.21 29.99 73.03 39.04L361 215z\"><\/path><\/svg><\/div><\/div><div class=\"uagb-ifb-title-wrap\"><h2 class=\"uagb-ifb-title\">Las 13 Categor\u00edas<br>RAA<\/h2><\/div><p class=\"uagb-ifb-desc\">1. <strong>Inmuebles Urbanos<\/strong><br>2. <strong>Inmuebles Rurales<\/strong><br>3. <strong>Recursos Naturales y Suelos de Protecci\u00f3n<\/strong><br>4. <strong>Obras de <\/strong><strong>Infraestructura<\/strong><br>5. <strong>Edificaciones de Conservaci\u00f3n Arqueol\u00f3gica y <\/strong><br><strong>Monumentos <\/strong><strong>Hist\u00f3ricos<\/strong><br>6. <strong>Inmuebles Especiales<\/strong><br>7. <strong>Maquinaria Fija, Equipos y Maquinaria M\u00f3vil<\/strong><br>8. <strong>Maquinaria y Equipos Especiales<\/strong><br>9. <strong>Obras de Arte,<\/strong> <strong>Orfebrer\u00eda,<\/strong> <strong>Patrimoniales y Similares<\/strong><br>10. <strong>Semovientes y Animales<\/strong><br>11. <strong>Activos <\/strong><strong>Operacionales y<\/strong> <strong>Establecimientos de Comercio<\/strong><br>12. <strong>Intangibles<\/strong><br>13. <strong>Intangibles Especiales<\/strong><\/p><\/div><\/div>\n<\/div>\n<\/div><\/div>\n\n\n\n<div class=\"wp-block-uagb-container uagb-block-0afd22ec alignfull uagb-is-root-container\"><div class=\"uagb-container-inner-blocks-wrap\">\n<div class=\"wp-block-uagb-container uagb-block-a74650f1\">\n<div class=\"wp-block-uagb-image alignleft uagb-block-3090c550 wp-block-uagb-image--layout-default wp-block-uagb-image--effect-static wp-block-uagb-image--align-left\"><figure class=\"wp-block-uagb-image__figure\"><img decoding=\"async\" srcset=\"https:\/\/araratasesoresinmobiliarios.com\/wp-content\/uploads\/2024\/01\/WhatsApp-Image-2024-01-12-at-3.28.32-PM-1024x766.jpeg \" src=\"https:\/\/araratasesoresinmobiliarios.com\/wp-content\/uploads\/2024\/01\/WhatsApp-Image-2024-01-12-at-3.28.32-PM-1024x766.jpeg\" alt=\"\" class=\"uag-image-774\" width=\"\" height=\"\" title=\"\" loading=\"lazy\"\/><\/figure><\/div>\n\n\n\n<div class=\"wp-block-uagb-image aligncenter uagb-block-da7c736f wp-block-uagb-image--layout-default wp-block-uagb-image--effect-static wp-block-uagb-image--align-center\"><figure class=\"wp-block-uagb-image__figure\"><img decoding=\"async\" srcset=\"https:\/\/araratasesoresinmobiliarios.com\/wp-content\/uploads\/2024\/01\/DJI_0019-1-1024x768.jpg \" src=\"https:\/\/araratasesoresinmobiliarios.com\/wp-content\/uploads\/2024\/01\/DJI_0019-1-1024x768.jpg\" alt=\"\" class=\"uag-image-767\" width=\"\" height=\"\" title=\"\" loading=\"lazy\"\/><\/figure><\/div>\n\n\n\n<div class=\"wp-block-uagb-image alignright uagb-block-c942941e wp-block-uagb-image--layout-default wp-block-uagb-image--effect-static wp-block-uagb-image--align-right\"><figure class=\"wp-block-uagb-image__figure\"><img decoding=\"async\" srcset=\"https:\/\/araratasesoresinmobiliarios.com\/wp-content\/uploads\/2024\/01\/WhatsApp-Image-2024-01-12-at-3.16.49-PM-1024x766.jpeg \" src=\"https:\/\/araratasesoresinmobiliarios.com\/wp-content\/uploads\/2024\/01\/WhatsApp-Image-2024-01-12-at-3.16.49-PM-1024x766.jpeg\" alt=\"\" class=\"uag-image-768\" width=\"\" height=\"\" title=\"\" loading=\"lazy\"\/><\/figure><\/div>\n<\/div>\n<\/div><\/div>\n\n\n\n<div class=\"wp-block-uagb-container uagb-block-8266ee9b alignfull uagb-is-root-container\"><div class=\"uagb-container-inner-blocks-wrap\">\n<div class=\"wp-block-uagb-info-box uagb-block-80f9baff uagb-infobox__content-wrap  uagb-infobox-icon-above-title uagb-infobox-image-valign-top\"><div class=\"uagb-ifb-content\"><div class=\"uagb-ifb-image-content\"><img decoding=\"async\" src=\"http:\/\/araratasesoresinmobiliarios.com\/wp-content\/uploads\/2023\/03\/cropped-cropped-Logotipo.png\" alt=\"\" width=\"160\" height=\"160\" loading=\"lazy\"\/><\/div><div class=\"uagb-ifb-title-wrap\"><span class=\"uagb-ifb-title-prefix\">Cont\u00e1ctanos<br><\/span><h2 class=\"uagb-ifb-title\">+ 57 312 7727308<\/h2><\/div><div class=\"uagb-ifb-separator\"><\/div><p class=\"uagb-ifb-desc\">Pide tu cotizaci\u00f3n<\/p><div class=\"uagb-ifb-button-wrapper wp-block-button\"><a href=\"#\" class=\"uagb-infobox-cta-link wp-block-button__link\" target=\"_self\" rel=\"noopener noreferrer\" onclick=\"return false;\" alt=\"\"><span class=\"uagb-inline-editing\">Escr\u00edbenos<\/span><svg xmlns=\"https:\/\/www.w3.org\/2000\/svg\" viewBox=\"0 0 512 512\"><path d=\"M502.6 278.6l-128 128c-12.51 12.51-32.76 12.49-45.25 0c-12.5-12.5-12.5-32.75 0-45.25L402.8 288H32C14.31 288 0 273.7 0 255.1S14.31 224 32 224h370.8l-73.38-73.38c-12.5-12.5-12.5-32.75 0-45.25s32.75-12.5 45.25 0l128 128C515.1 245.9 515.1 266.1 502.6 278.6z\"><\/path><\/svg><\/a><\/div><\/div><\/div>\n<\/div><\/div>\n   ","protected":false},"excerpt":{"rendered":"","protected":false},"author":1,"featured_media":0,"parent":0,"menu_order":0,"comment_status":"closed","ping_status":"closed","template":"","meta":{"site-sidebar-layout":"default","site-content-layout":"plain-container","ast-global-header-display":"","ast-main-header-display":"","ast-hfb-above-header-display":"","ast-hfb-below-header-display":"","ast-hfb-mobile-header-display":"","site-post-title":"disabled","ast-breadcrumbs-content":"","ast-featured-img":"","footer-sml-layout":"","theme-transparent-header-meta":"enabled","adv-header-id-meta":"","stick-header-meta":"","header-above-stick-meta":"","header-main-stick-meta":"","header-below-stick-meta":"","footnotes":""},"class_list":["post-92","page","type-page","status-publish","hentry"],"_links":{"self":[{"href":"https:\/\/araratasesoresinmobiliarios.com\/index.php\/wp-json\/wp\/v2\/pages\/92","targetHints":{"allow":["GET"]}}],"collection":[{"href":"https:\/\/araratasesoresinmobiliarios.com\/index.php\/wp-json\/wp\/v2\/pages"}],"about":[{"href":"https:\/\/araratasesoresinmobiliarios.com\/index.php\/wp-json\/wp\/v2\/types\/page"}],"author":[{"embeddable":true,"href":"https:\/\/araratasesoresinmobiliarios.com\/index.php\/wp-json\/wp\/v2\/users\/1"}],"replies":[{"embeddable":true,"href":"https:\/\/araratasesoresinmobiliarios.com\/index.php\/wp-json\/wp\/v2\/comments?post=92"}],"version-history":[{"count":17,"href":"https:\/\/araratasesoresinmobiliarios.com\/index.php\/wp-json\/wp\/v2\/pages\/92\/revisions"}],"predecessor-version":[{"id":824,"href":"https:\/\/araratasesoresinmobiliarios.com\/index.php\/wp-json\/wp\/v2\/pages\/92\/revisions\/824"}],"wp:attachment":[{"href":"https:\/\/araratasesoresinmobiliarios.com\/index.php\/wp-json\/wp\/v2\/media?parent=92"}],"curies":[{"name":"wp","href":"https:\/\/api.w.org\/{rel}","templated":true}]}}